{"id":6419,"date":"2025-01-09T15:26:43","date_gmt":"2025-01-09T14:26:43","guid":{"rendered":"https:\/\/businesshydro.fr\/nos-offres-groupees\/"},"modified":"2026-02-03T14:41:01","modified_gmt":"2026-02-03T13:41:01","slug":"group-offers","status":"publish","type":"page","link":"https:\/\/businesshydro.fr\/en\/group-offers\/","title":{"rendered":"Group offers"},"content":{"rendered":"\t\t<div data-elementor-type=\"wp-page\" data-elementor-id=\"6419\" class=\"elementor elementor-6419 elementor-5714\" data-elementor-post-type=\"page\">\n\t\t\t\t<div class=\"elementor-element elementor-element-010f896 e-con-full e-flex e-con e-parent\" data-id=\"010f896\" data-element_type=\"container\" data-e-type=\"container\" data-settings=\"{&quot;background_background&quot;:&quot;classic&quot;}\">\n\t\t\t\t<div class=\"elementor-element elementor-element-f490adc elementor-widget elementor-widget-heading\" data-id=\"f490adc\" data-element_type=\"widget\" data-e-type=\"widget\" data-widget_type=\"heading.default\">\n\t\t\t\t<div class=\"elementor-widget-container\">\n\t\t\t\t\t<h1 class=\"elementor-heading-title elementor-size-default\">Group offers<\/h1>\t\t\t\t<\/div>\n\t\t\t\t<\/div>\n\t\t\t\t<\/div>\n\t\t<div class=\"elementor-element elementor-element-9080c9e e-con-full e-flex e-con e-parent\" data-id=\"9080c9e\" data-element_type=\"container\" data-e-type=\"container\" id=\"offre-stands\">\n\t\t<div class=\"elementor-element elementor-element-0885a81 e-con-full e-flex e-con e-child\" data-id=\"0885a81\" data-element_type=\"container\" data-e-type=\"container\">\n\t\t\t\t<div class=\"elementor-element elementor-element-af00952 elementor-widget elementor-widget-heading\" data-id=\"af00952\" data-element_type=\"widget\" data-e-type=\"widget\" data-widget_type=\"heading.default\">\n\t\t\t\t<div class=\"elementor-widget-container\">\n\t\t\t\t\t<h2 class=\"elementor-heading-title elementor-size-default\">NUDE SPACE<\/h2>\t\t\t\t<\/div>\n\t\t\t\t<\/div>\n\t\t\t\t<div class=\"elementor-element elementor-element-36f9292 elementor-widget-tablet__width-initial elementor-widget elementor-widget-heading\" data-id=\"36f9292\" data-element_type=\"widget\" data-e-type=\"widget\" data-widget_type=\"heading.default\">\n\t\t\t\t<div class=\"elementor-widget-container\">\n\t\t\t\t\t<div class=\"elementor-heading-title elementor-size-default\">NEW<\/div>\t\t\t\t<\/div>\n\t\t\t\t<\/div>\n\t\t\t\t<\/div>\n\t\t\t\t<\/div>\n\t\t<div class=\"elementor-element elementor-element-75ff02a e-flex e-con-boxed e-con e-parent\" data-id=\"75ff02a\" data-element_type=\"container\" data-e-type=\"container\">\n\t\t\t\t\t<div class=\"e-con-inner\">\n\t\t<div class=\"elementor-element elementor-element-a37d458 e-con-full e-flex e-con e-child\" data-id=\"a37d458\" data-element_type=\"container\" data-e-type=\"container\">\n\t\t\t\t<div class=\"elementor-element elementor-element-9b594e8 elementor-widget__width-inherit elementor-widget elementor-widget-text-editor\" data-id=\"9b594e8\" data-element_type=\"widget\" data-e-type=\"widget\" data-widget_type=\"text-editor.default\">\n\t\t\t\t<div class=\"elementor-widget-container\">\n\t\t\t\t\t\t\t\t\t<p><strong>Price per M\u00b2 includes: electricity + carpet.<\/strong><\/p>\n<p>This is the floor area <strong>only<\/strong>. No furniture is included in this type of stand.<\/p>\n<p>It is up to you to <strong>design, produce, build and assemble a structure<\/strong> that fits the surface area reserved. You will need to call in a stand builder to create your made-to-measure stand.<\/p>\n<p>All stand proposals are subject to approval by Hydro 21 in order to maintain the aesthetic harmony of the show as a whole.<\/p>\n<p>Bare stands are reserved for companies that have a <strong>made-to-measure exhibition stand<\/strong>.<\/p>\n<p>The exhibitor will of course have to pay the <strong>participation fee<\/strong>. <\/p>\t\t\t\t\t\t\t\t<\/div>\n\t\t\t\t<\/div>\n\t\t<div class=\"elementor-element elementor-element-2bb3e53 e-con-full e-flex e-con e-child\" data-id=\"2bb3e53\" data-element_type=\"container\" data-e-type=\"container\">\n\t\t\t\t<div class=\"elementor-element elementor-element-f39610e elementor-widget elementor-widget-text-editor\" data-id=\"f39610e\" data-element_type=\"widget\" data-e-type=\"widget\" data-widget_type=\"text-editor.default\">\n\t\t\t\t<div class=\"elementor-widget-container\">\n\t\t\t\t\t\t\t\t\t<p><strong>THE PRICE PER M\u00b2 FOR BARE SPACE IS<\/strong><\/p>\t\t\t\t\t\t\t\t<\/div>\n\t\t\t\t<\/div>\n\t\t\t\t<div class=\"elementor-element elementor-element-a3cb7db elementor-widget elementor-widget-text-editor\" data-id=\"a3cb7db\" data-element_type=\"widget\" data-e-type=\"widget\" data-widget_type=\"text-editor.default\">\n\t\t\t\t<div class=\"elementor-widget-container\">\n\t\t\t\t\t\t\t\t\t<p><strong>\u20ac 250 <span style=\"font-size: 35px;\">EXCL. VAT<\/span><\/strong><\/p>\t\t\t\t\t\t\t\t<\/div>\n\t\t\t\t<\/div>\n\t\t\t\t<div class=\"elementor-element elementor-element-75a1157 elementor-widget elementor-widget-text-editor\" data-id=\"75a1157\" data-element_type=\"widget\" data-e-type=\"widget\" data-widget_type=\"text-editor.default\">\n\t\t\t\t<div class=\"elementor-widget-container\">\n\t\t\t\t\t\t\t\t\t<p>Drawing up a customised quote<\/p>\t\t\t\t\t\t\t\t<\/div>\n\t\t\t\t<\/div>\n\t\t\t\t<\/div>\n\t\t\t\t<div class=\"elementor-element elementor-element-5f2e0ab elementor-widget__width-inherit elementor-widget elementor-widget-text-editor\" data-id=\"5f2e0ab\" data-element_type=\"widget\" data-e-type=\"widget\" data-widget_type=\"text-editor.default\">\n\t\t\t\t<div class=\"elementor-widget-container\">\n\t\t\t\t\t\t\t\t\t<p>Please contact us by email at <a href=\"mailto:commercial@businesshydro.fr\"><strong>commercial@businesshydro.fr<\/strong><\/a><\/p>\t\t\t\t\t\t\t\t<\/div>\n\t\t\t\t<\/div>\n\t\t\t\t<\/div>\n\t\t\t\t\t<\/div>\n\t\t\t\t<\/div>\n\t\t<div class=\"elementor-element elementor-element-47818dd e-con-full e-flex e-con e-parent\" data-id=\"47818dd\" data-element_type=\"container\" data-e-type=\"container\">\n\t\t<div class=\"elementor-element elementor-element-fa3e6dd e-con-full e-flex e-con e-child\" data-id=\"fa3e6dd\" data-element_type=\"container\" data-e-type=\"container\">\n\t\t\t\t<div class=\"elementor-element elementor-element-9481845 elementor-widget elementor-widget-heading\" data-id=\"9481845\" data-element_type=\"widget\" data-e-type=\"widget\" data-widget_type=\"heading.default\">\n\t\t\t\t<div class=\"elementor-widget-container\">\n\t\t\t\t\t<h2 class=\"elementor-heading-title elementor-size-default\">PAVILION<\/h2>\t\t\t\t<\/div>\n\t\t\t\t<\/div>\n\t\t\t\t<div class=\"elementor-element elementor-element-6e6f3a0 elementor-widget-tablet__width-initial elementor-widget elementor-widget-heading\" data-id=\"6e6f3a0\" data-element_type=\"widget\" data-e-type=\"widget\" data-widget_type=\"heading.default\">\n\t\t\t\t<div class=\"elementor-widget-container\">\n\t\t\t\t\t<div class=\"elementor-heading-title elementor-size-default\">NEW<\/div>\t\t\t\t<\/div>\n\t\t\t\t<\/div>\n\t\t\t\t<\/div>\n\t\t\t\t<\/div>\n\t\t<div class=\"elementor-element elementor-element-cf1bb52 e-flex e-con-boxed e-con e-parent\" data-id=\"cf1bb52\" data-element_type=\"container\" data-e-type=\"container\">\n\t\t\t\t\t<div class=\"e-con-inner\">\n\t\t<div class=\"elementor-element elementor-element-c442a0c e-con-full e-flex e-con e-child\" data-id=\"c442a0c\" data-element_type=\"container\" data-e-type=\"container\">\n\t\t\t\t<div class=\"elementor-element elementor-element-f67e95f elementor-widget__width-inherit elementor-widget elementor-widget-text-editor\" data-id=\"f67e95f\" data-element_type=\"widget\" data-e-type=\"widget\" data-widget_type=\"text-editor.default\">\n\t\t\t\t<div class=\"elementor-widget-container\">\n\t\t\t\t\t\t\t\t\t<p><strong>Price per m\u00b2 includes: electricity + carpet + arch.<\/strong>.<\/p><p>The creation of a PAVILION is possible, subject to acceptance by HYDRO 21, from a minimum of 40m\u00b2 and for a minimum of 10 exhibitors.<\/p><p>An estimate must be drawn up to fix the price for each exhibitor.<\/p><p>The stand operator to be defined by you for a tailor-made quote is extra. Each exhibitor must of course pay the participation fee.<\/p><p><strong>Registration deadline: 30 June 2025.<\/strong><\/p>\t\t\t\t\t\t\t\t<\/div>\n\t\t\t\t<\/div>\n\t\t<div class=\"elementor-element elementor-element-46f7c2e e-con-full e-flex e-con e-child\" data-id=\"46f7c2e\" data-element_type=\"container\" data-e-type=\"container\">\n\t\t\t\t<div class=\"elementor-element elementor-element-5a5f8dd elementor-widget elementor-widget-text-editor\" data-id=\"5a5f8dd\" data-element_type=\"widget\" data-e-type=\"widget\" data-widget_type=\"text-editor.default\">\n\t\t\t\t<div class=\"elementor-widget-container\">\n\t\t\t\t\t\t\t\t\t<p><strong>THE PRICE PER M\u00b2 FOR BARE SPACE IS<\/strong><\/p>\t\t\t\t\t\t\t\t<\/div>\n\t\t\t\t<\/div>\n\t\t\t\t<div class=\"elementor-element elementor-element-9e6ac30 elementor-widget elementor-widget-text-editor\" data-id=\"9e6ac30\" data-element_type=\"widget\" data-e-type=\"widget\" data-widget_type=\"text-editor.default\">\n\t\t\t\t<div class=\"elementor-widget-container\">\n\t\t\t\t\t\t\t\t\t<strong>\u20ac 275 <span style=\"font-size:35px;\">EXCL. VAT<\/span><\/strong>\t\t\t\t\t\t\t\t<\/div>\n\t\t\t\t<\/div>\n\t\t\t\t<div class=\"elementor-element elementor-element-52444f2 elementor-widget elementor-widget-text-editor\" data-id=\"52444f2\" data-element_type=\"widget\" data-e-type=\"widget\" data-widget_type=\"text-editor.default\">\n\t\t\t\t<div class=\"elementor-widget-container\">\n\t\t\t\t\t\t\t\t\t<p>Tailor-made quotation<\/p>\t\t\t\t\t\t\t\t<\/div>\n\t\t\t\t<\/div>\n\t\t\t\t<\/div>\n\t\t\t\t<div class=\"elementor-element elementor-element-a6bec8d elementor-widget__width-inherit elementor-widget elementor-widget-text-editor\" data-id=\"a6bec8d\" data-element_type=\"widget\" data-e-type=\"widget\" data-widget_type=\"text-editor.default\">\n\t\t\t\t<div class=\"elementor-widget-container\">\n\t\t\t\t\t\t\t\t\t<p>Please contact <a href=\"mailto:commercial@businesshydro.fr\"><strong>commercial@businesshydro.fr<\/strong><\/a> by email.<\/p>\t\t\t\t\t\t\t\t<\/div>\n\t\t\t\t<\/div>\n\t\t\t\t<\/div>\n\t\t\t\t\t<\/div>\n\t\t\t\t<\/div>\n\t\t<div class=\"elementor-element elementor-element-c5d371d e-con-full e-flex e-con e-parent\" data-id=\"c5d371d\" data-element_type=\"container\" data-e-type=\"container\">\n\t\t<div class=\"elementor-element elementor-element-aa56c3f e-con-full e-flex e-con e-child\" data-id=\"aa56c3f\" data-element_type=\"container\" data-e-type=\"container\">\n\t\t\t\t<div class=\"elementor-element elementor-element-9038d1f elementor-widget elementor-widget-heading\" data-id=\"9038d1f\" data-element_type=\"widget\" data-e-type=\"widget\" data-widget_type=\"heading.default\">\n\t\t\t\t<div class=\"elementor-widget-container\">\n\t\t\t\t\t<h2 class=\"elementor-heading-title elementor-size-default\">co-exhibition<\/h2>\t\t\t\t<\/div>\n\t\t\t\t<\/div>\n\t\t\t\t<div class=\"elementor-element elementor-element-7aaf368 elementor-widget-tablet__width-initial elementor-widget elementor-widget-heading\" data-id=\"7aaf368\" data-element_type=\"widget\" data-e-type=\"widget\" data-widget_type=\"heading.default\">\n\t\t\t\t<div class=\"elementor-widget-container\">\n\t\t\t\t\t<div class=\"elementor-heading-title elementor-size-default\">NEW<\/div>\t\t\t\t<\/div>\n\t\t\t\t<\/div>\n\t\t\t\t<\/div>\n\t\t\t\t<\/div>\n\t\t<div class=\"elementor-element elementor-element-c784bc4 e-flex e-con-boxed e-con e-parent\" data-id=\"c784bc4\" data-element_type=\"container\" data-e-type=\"container\">\n\t\t\t\t\t<div class=\"e-con-inner\">\n\t\t<div class=\"elementor-element elementor-element-428bcec e-con-full e-flex e-con e-child\" data-id=\"428bcec\" data-element_type=\"container\" data-e-type=\"container\">\n\t\t\t\t<div class=\"elementor-element elementor-element-59ff15b elementor-widget__width-inherit elementor-widget elementor-widget-text-editor\" data-id=\"59ff15b\" data-element_type=\"widget\" data-e-type=\"widget\" data-widget_type=\"text-editor.default\">\n\t\t\t\t<div class=\"elementor-widget-container\">\n\t\t\t\t\t\t\t\t\t<p>Co-exhibition is only <strong>possible for 9m\u00b2 stands.<\/strong><\/p><p>The co-exhibitor must pay a <strong>registration fee of \u20ac250 excluding VAT<\/strong> in order to benefit from the same advantages as an exhibitor.<\/p><p>A specific order form will have to be filled in, please request it by email at <a href=\"mailto:commercial@businesshydro.fr\"><strong>commercial@businesshydro.fr<\/strong><\/a><\/p>\t\t\t\t\t\t\t\t<\/div>\n\t\t\t\t<\/div>\n\t\t\t\t<\/div>\n\t\t\t\t\t<\/div>\n\t\t\t\t<\/div>\n\t\t<div class=\"elementor-element elementor-element-8fc4bbb e-flex e-con-boxed e-con e-parent\" data-id=\"8fc4bbb\" data-element_type=\"container\" data-e-type=\"container\">\n\t\t\t\t\t<div class=\"e-con-inner\">\n\t\t\t\t<div class=\"elementor-element elementor-element-8de1b8a elementor-align-center elementor-widget elementor-widget-button\" data-id=\"8de1b8a\" data-element_type=\"widget\" data-e-type=\"widget\" data-widget_type=\"button.default\">\n\t\t\t\t<div class=\"elementor-widget-container\">\n\t\t\t\t\t\t\t\t\t<div class=\"elementor-button-wrapper\">\n\t\t\t\t\t<a class=\"elementor-button elementor-button-link elementor-size-sm elementor-animation-grow\" href=\"https:\/\/businesshydro.fr\/en\/our-equipped-stands\/\">\n\t\t\t\t\t\t<span class=\"elementor-button-content-wrapper\">\n\t\t\t\t\t\t\t\t\t<span class=\"elementor-button-text\">Book my stand online<\/span>\n\t\t\t\t\t<\/span>\n\t\t\t\t\t<\/a>\n\t\t\t\t<\/div>\n\t\t\t\t\t\t\t\t<\/div>\n\t\t\t\t<\/div>\n\t\t\t\t<div class=\"elementor-element elementor-element-23c2710 elementor-align-center elementor-widget elementor-widget-button\" data-id=\"23c2710\" data-element_type=\"widget\" data-e-type=\"widget\" data-widget_type=\"button.default\">\n\t\t\t\t<div class=\"elementor-widget-container\">\n\t\t\t\t\t\t\t\t\t<div class=\"elementor-button-wrapper\">\n\t\t\t\t\t<a class=\"elementor-button elementor-button-link elementor-size-sm elementor-animation-grow\" href=\"https:\/\/businesshydro.fr\/wp-content\/uploads\/2025\/05\/Plaquette-commericale-BH-2025-BD-5-mai-2025-ANG.pdf\" target=\"_blank\">\n\t\t\t\t\t\t<span class=\"elementor-button-content-wrapper\">\n\t\t\t\t\t\t\t\t\t<span class=\"elementor-button-text\">Download the sales brochure<\/span>\n\t\t\t\t\t<\/span>\n\t\t\t\t\t<\/a>\n\t\t\t\t<\/div>\n\t\t\t\t\t\t\t\t<\/div>\n\t\t\t\t<\/div>\n\t\t\t\t\t<\/div>\n\t\t\t\t<\/div>\n\t\t\t\t<\/div>\n\t\t","protected":false},"excerpt":{"rendered":"<p>Group offers NUDE SPACE NEW Price per M\u00b2 includes: electricity + carpet. This is the floor area only. No furniture is included in this type of stand. It is up to you to design, produce, build and assemble a structure that fits the surface area reserved. You will need to call in a stand builder &#8230; <a title=\"Group offers\" class=\"read-more\" href=\"https:\/\/businesshydro.fr\/en\/group-offers\/\" aria-label=\"Read more about Group offers\">Read more<\/a><\/p>\n","protected":false},"author":2,"featured_media":0,"parent":0,"menu_order":0,"comment_status":"closed","ping_status":"closed","template":"elementor_header_footer","meta":{"inline_featured_image":false,"footnotes":""},"class_list":["post-6419","page","type-page","status-publish"],"yoast_head":"<!-- This site is optimized with the Yoast SEO plugin v27.4 - https:\/\/yoast.com\/product\/yoast-seo-wordpress\/ -->\n<title>Nos offres group\u00e9es - Salon Business Hydro<\/title>\n<meta name=\"description\" content=\"D\u00e9couvrez les nouveaut\u00e9s du Salon Business Hydro 2025, nos offres group\u00e9es : espace nu, pavillon et co-exposition.\" \/>\n<meta name=\"robots\" content=\"index, follow, max-snippet:-1, max-image-preview:large, max-video-preview:-1\" \/>\n<link rel=\"canonical\" href=\"https:\/\/businesshydro.fr\/nos-offres-groupees\/\" \/>\n<meta property=\"og:locale\" content=\"en_US\" \/>\n<meta property=\"og:type\" content=\"article\" \/>\n<meta property=\"og:title\" content=\"Nos offres group\u00e9es - Salon Business Hydro\" \/>\n<meta property=\"og:description\" content=\"D\u00e9couvrez les nouveaut\u00e9s du Salon Business Hydro 2025, nos offres group\u00e9es : espace nu, pavillon et co-exposition.\" \/>\n<meta property=\"og:url\" content=\"https:\/\/businesshydro.fr\/nos-offres-groupees\/\" \/>\n<meta property=\"og:site_name\" content=\"Business Hydro\" \/>\n<meta property=\"article:modified_time\" content=\"2026-02-03T13:41:01+00:00\" \/>\n<meta name=\"twitter:card\" content=\"summary_large_image\" \/>\n<meta name=\"twitter:label1\" content=\"Est. reading time\" \/>\n\t<meta name=\"twitter:data1\" content=\"2 minutes\" \/>\n<script type=\"application\/ld+json\" class=\"yoast-schema-graph\">{\"@context\":\"https:\\\/\\\/schema.org\",\"@graph\":[{\"@type\":\"WebPage\",\"@id\":\"https:\\\/\\\/businesshydro.fr\\\/nos-offres-groupees\\\/\",\"url\":\"https:\\\/\\\/businesshydro.fr\\\/nos-offres-groupees\\\/\",\"name\":\"Nos offres group\u00e9es - Salon Business Hydro\",\"isPartOf\":{\"@id\":\"https:\\\/\\\/businesshydro.fr\\\/#website\"},\"datePublished\":\"2025-01-09T14:26:43+00:00\",\"dateModified\":\"2026-02-03T13:41:01+00:00\",\"description\":\"D\u00e9couvrez les nouveaut\u00e9s du Salon Business Hydro 2025, nos offres group\u00e9es : espace nu, pavillon et co-exposition.\",\"breadcrumb\":{\"@id\":\"https:\\\/\\\/businesshydro.fr\\\/nos-offres-groupees\\\/#breadcrumb\"},\"inLanguage\":\"en-US\",\"potentialAction\":[{\"@type\":\"ReadAction\",\"target\":[\"https:\\\/\\\/businesshydro.fr\\\/nos-offres-groupees\\\/\"]}]},{\"@type\":\"BreadcrumbList\",\"@id\":\"https:\\\/\\\/businesshydro.fr\\\/nos-offres-groupees\\\/#breadcrumb\",\"itemListElement\":[{\"@type\":\"ListItem\",\"position\":1,\"name\":\"Accueil\",\"item\":\"https:\\\/\\\/businesshydro.fr\\\/en\\\/\"},{\"@type\":\"ListItem\",\"position\":2,\"name\":\"Group offers\"}]},{\"@type\":\"WebSite\",\"@id\":\"https:\\\/\\\/businesshydro.fr\\\/#website\",\"url\":\"https:\\\/\\\/businesshydro.fr\\\/\",\"name\":\"Business Hydro\",\"description\":\"11th Business Hydro trade fair\",\"publisher\":{\"@id\":\"https:\\\/\\\/businesshydro.fr\\\/#organization\"},\"potentialAction\":[{\"@type\":\"SearchAction\",\"target\":{\"@type\":\"EntryPoint\",\"urlTemplate\":\"https:\\\/\\\/businesshydro.fr\\\/?s={search_term_string}\"},\"query-input\":{\"@type\":\"PropertyValueSpecification\",\"valueRequired\":true,\"valueName\":\"search_term_string\"}}],\"inLanguage\":\"en-US\"},{\"@type\":\"Organization\",\"@id\":\"https:\\\/\\\/businesshydro.fr\\\/#organization\",\"name\":\"Business Hydro\",\"url\":\"https:\\\/\\\/businesshydro.fr\\\/\",\"logo\":{\"@type\":\"ImageObject\",\"inLanguage\":\"en-US\",\"@id\":\"https:\\\/\\\/businesshydro.fr\\\/#\\\/schema\\\/logo\\\/image\\\/\",\"url\":\"https:\\\/\\\/businesshydro.fr\\\/wp-content\\\/uploads\\\/2026\\\/02\\\/Logo-BH-2026-Anglais-RVB-scaled.png\",\"contentUrl\":\"https:\\\/\\\/businesshydro.fr\\\/wp-content\\\/uploads\\\/2026\\\/02\\\/Logo-BH-2026-Anglais-RVB-scaled.png\",\"width\":2560,\"height\":960,\"caption\":\"Business Hydro\"},\"image\":{\"@id\":\"https:\\\/\\\/businesshydro.fr\\\/#\\\/schema\\\/logo\\\/image\\\/\"}}]}<\/script>\n<!-- \/ Yoast SEO plugin. -->","yoast_head_json":{"title":"Nos offres group\u00e9es - Salon Business Hydro","description":"D\u00e9couvrez les nouveaut\u00e9s du Salon Business Hydro 2025, nos offres group\u00e9es : espace nu, pavillon et co-exposition.","robots":{"index":"index","follow":"follow","max-snippet":"max-snippet:-1","max-image-preview":"max-image-preview:large","max-video-preview":"max-video-preview:-1"},"canonical":"https:\/\/businesshydro.fr\/nos-offres-groupees\/","og_locale":"en_US","og_type":"article","og_title":"Nos offres group\u00e9es - Salon Business Hydro","og_description":"D\u00e9couvrez les nouveaut\u00e9s du Salon Business Hydro 2025, nos offres group\u00e9es : espace nu, pavillon et co-exposition.","og_url":"https:\/\/businesshydro.fr\/nos-offres-groupees\/","og_site_name":"Business Hydro","article_modified_time":"2026-02-03T13:41:01+00:00","twitter_card":"summary_large_image","twitter_misc":{"Est. reading time":"2 minutes"},"schema":{"@context":"https:\/\/schema.org","@graph":[{"@type":"WebPage","@id":"https:\/\/businesshydro.fr\/nos-offres-groupees\/","url":"https:\/\/businesshydro.fr\/nos-offres-groupees\/","name":"Nos offres group\u00e9es - Salon Business Hydro","isPartOf":{"@id":"https:\/\/businesshydro.fr\/#website"},"datePublished":"2025-01-09T14:26:43+00:00","dateModified":"2026-02-03T13:41:01+00:00","description":"D\u00e9couvrez les nouveaut\u00e9s du Salon Business Hydro 2025, nos offres group\u00e9es : espace nu, pavillon et co-exposition.","breadcrumb":{"@id":"https:\/\/businesshydro.fr\/nos-offres-groupees\/#breadcrumb"},"inLanguage":"en-US","potentialAction":[{"@type":"ReadAction","target":["https:\/\/businesshydro.fr\/nos-offres-groupees\/"]}]},{"@type":"BreadcrumbList","@id":"https:\/\/businesshydro.fr\/nos-offres-groupees\/#breadcrumb","itemListElement":[{"@type":"ListItem","position":1,"name":"Accueil","item":"https:\/\/businesshydro.fr\/en\/"},{"@type":"ListItem","position":2,"name":"Group offers"}]},{"@type":"WebSite","@id":"https:\/\/businesshydro.fr\/#website","url":"https:\/\/businesshydro.fr\/","name":"Business Hydro","description":"11th Business Hydro trade fair","publisher":{"@id":"https:\/\/businesshydro.fr\/#organization"},"potentialAction":[{"@type":"SearchAction","target":{"@type":"EntryPoint","urlTemplate":"https:\/\/businesshydro.fr\/?s={search_term_string}"},"query-input":{"@type":"PropertyValueSpecification","valueRequired":true,"valueName":"search_term_string"}}],"inLanguage":"en-US"},{"@type":"Organization","@id":"https:\/\/businesshydro.fr\/#organization","name":"Business Hydro","url":"https:\/\/businesshydro.fr\/","logo":{"@type":"ImageObject","inLanguage":"en-US","@id":"https:\/\/businesshydro.fr\/#\/schema\/logo\/image\/","url":"https:\/\/businesshydro.fr\/wp-content\/uploads\/2026\/02\/Logo-BH-2026-Anglais-RVB-scaled.png","contentUrl":"https:\/\/businesshydro.fr\/wp-content\/uploads\/2026\/02\/Logo-BH-2026-Anglais-RVB-scaled.png","width":2560,"height":960,"caption":"Business Hydro"},"image":{"@id":"https:\/\/businesshydro.fr\/#\/schema\/logo\/image\/"}}]}},"_links":{"self":[{"href":"https:\/\/businesshydro.fr\/en\/wp-json\/wp\/v2\/pages\/6419","targetHints":{"allow":["GET"]}}],"collection":[{"href":"https:\/\/businesshydro.fr\/en\/wp-json\/wp\/v2\/pages"}],"about":[{"href":"https:\/\/businesshydro.fr\/en\/wp-json\/wp\/v2\/types\/page"}],"author":[{"embeddable":true,"href":"https:\/\/businesshydro.fr\/en\/wp-json\/wp\/v2\/users\/2"}],"replies":[{"embeddable":true,"href":"https:\/\/businesshydro.fr\/en\/wp-json\/wp\/v2\/comments?post=6419"}],"version-history":[{"count":9,"href":"https:\/\/businesshydro.fr\/en\/wp-json\/wp\/v2\/pages\/6419\/revisions"}],"predecessor-version":[{"id":10126,"href":"https:\/\/businesshydro.fr\/en\/wp-json\/wp\/v2\/pages\/6419\/revisions\/10126"}],"wp:attachment":[{"href":"https:\/\/businesshydro.fr\/en\/wp-json\/wp\/v2\/media?parent=6419"}],"curies":[{"name":"wp","href":"https:\/\/api.w.org\/{rel}","templated":true}]}}