{"id":6425,"date":"2024-03-18T16:29:18","date_gmt":"2024-03-18T15:29:18","guid":{"rendered":"https:\/\/businesshydro.fr\/programme-2024\/"},"modified":"2026-02-03T14:24:01","modified_gmt":"2026-02-03T13:24:01","slug":"program","status":"publish","type":"page","link":"https:\/\/businesshydro.fr\/en\/program\/","title":{"rendered":"Program"},"content":{"rendered":"\t\t<div data-elementor-type=\"wp-page\" data-elementor-id=\"6425\" class=\"elementor elementor-6425\" data-elementor-post-type=\"page\">\n\t\t\t\t<div class=\"elementor-element elementor-element-0d911b2 e-con-full e-flex e-con e-parent\" data-id=\"0d911b2\" data-element_type=\"container\" data-e-type=\"container\" data-settings=\"{&quot;background_background&quot;:&quot;classic&quot;}\">\n\t\t\t\t<div class=\"elementor-element elementor-element-893c437 elementor-widget elementor-widget-heading\" data-id=\"893c437\" data-element_type=\"widget\" data-e-type=\"widget\" data-widget_type=\"heading.default\">\n\t\t\t\t<div class=\"elementor-widget-container\">\n\t\t\t\t\t<h1 class=\"elementor-heading-title elementor-size-default\">2025 Edition<\/h1>\t\t\t\t<\/div>\n\t\t\t\t<\/div>\n\t\t\t\t<\/div>\n\t\t<div class=\"elementor-element elementor-element-62f9995 e-con-full e-flex e-con e-parent\" data-id=\"62f9995\" data-element_type=\"container\" data-e-type=\"container\">\n\t\t<div class=\"elementor-element elementor-element-75a1e52 e-con-full e-flex e-con e-child\" data-id=\"75a1e52\" data-element_type=\"container\" data-e-type=\"container\">\n\t\t\t\t<div class=\"elementor-element elementor-element-3ef7d65 elementor-widget elementor-widget-heading\" data-id=\"3ef7d65\" data-element_type=\"widget\" data-e-type=\"widget\" data-widget_type=\"heading.default\">\n\t\t\t\t<div class=\"elementor-widget-container\">\n\t\t\t\t\t<h2 class=\"elementor-heading-title elementor-size-default\">Program*<\/h2>\t\t\t\t<\/div>\n\t\t\t\t<\/div>\n\t\t\t\t<div class=\"elementor-element elementor-element-87a7c29 elementor-widget elementor-widget-heading\" data-id=\"87a7c29\" data-element_type=\"widget\" data-e-type=\"widget\" data-widget_type=\"heading.default\">\n\t\t\t\t<div class=\"elementor-widget-container\">\n\t\t\t\t\t<p class=\"elementor-heading-title elementor-size-default\">*with reservation<\/p>\t\t\t\t<\/div>\n\t\t\t\t<\/div>\n\t\t\t\t<\/div>\n\t\t<div class=\"elementor-element elementor-element-37bfecf e-con-full e-flex e-con e-child\" data-id=\"37bfecf\" data-element_type=\"container\" data-e-type=\"container\">\n\t\t\t\t<div class=\"elementor-element elementor-element-fe96326 elementor-widget elementor-widget-heading\" data-id=\"fe96326\" data-element_type=\"widget\" data-e-type=\"widget\" data-widget_type=\"heading.default\">\n\t\t\t\t<div class=\"elementor-widget-container\">\n\t\t\t\t\t<h2 class=\"elementor-heading-title elementor-size-default\">The program for the 11th edition will be available soon.<\/h2>\t\t\t\t<\/div>\n\t\t\t\t<\/div>\n\t\t\t\t<\/div>\n\t\t\t\t<\/div>\n\t\t<div class=\"elementor-element elementor-element-55524ee e-con-full e-flex e-con e-parent\" data-id=\"55524ee\" data-element_type=\"container\" data-e-type=\"container\">\n\t\t\t\t<div class=\"elementor-element elementor-element-9b16483 elementor-widget elementor-widget-image\" data-id=\"9b16483\" data-element_type=\"widget\" data-e-type=\"widget\" data-widget_type=\"image.default\">\n\t\t\t\t<div class=\"elementor-widget-container\">\n\t\t\t\t\t\t\t\t\t\t\t\t\t\t\t<img decoding=\"async\" width=\"1960\" height=\"1078\" src=\"https:\/\/businesshydro.fr\/wp-content\/uploads\/2025\/01\/Page-Programme-Salon-Business-Hydro-e1736259553143.webp\" class=\"attachment-full size-full wp-image-5493\" alt=\"Page Programme - Salon Business Hydro\" \/>\t\t\t\t\t\t\t\t\t\t\t\t\t\t\t<\/div>\n\t\t\t\t<\/div>\n\t\t\t\t<\/div>\n\t\t\t\t<\/div>\n\t\t","protected":false},"excerpt":{"rendered":"<p>2025 Edition Program* *with reservation The program for the 11th edition will be available soon.<\/p>\n","protected":false},"author":1,"featured_media":0,"parent":0,"menu_order":0,"comment_status":"closed","ping_status":"closed","template":"elementor_header_footer","meta":{"inline_featured_image":false,"footnotes":""},"class_list":["post-6425","page","type-page","status-publish"],"yoast_head":"<!-- This site is optimized with the Yoast SEO plugin v27.4 - https:\/\/yoast.com\/product\/yoast-seo-wordpress\/ -->\n<title>Program - Business Hydro<\/title>\n<meta name=\"description\" content=\"Programme : S\u00e9ance pl\u00e9ni\u00e8re &amp; tables rondes - C\u00c9R\u00c9MONIE DES TROPH\u00c9ES DE L\u2019INNOVATION HYDRO - SOIR\u00c9E de gala - Speed meeting entre exposants\" \/>\n<meta name=\"robots\" content=\"index, follow, max-snippet:-1, max-image-preview:large, max-video-preview:-1\" \/>\n<link rel=\"canonical\" href=\"https:\/\/businesshydro.fr\/programme-2025\/\" \/>\n<meta property=\"og:locale\" content=\"en_US\" \/>\n<meta property=\"og:type\" content=\"article\" \/>\n<meta property=\"og:title\" content=\"Program - Business Hydro\" \/>\n<meta property=\"og:description\" content=\"Programme : S\u00e9ance pl\u00e9ni\u00e8re &amp; tables rondes - C\u00c9R\u00c9MONIE DES TROPH\u00c9ES DE L\u2019INNOVATION HYDRO - SOIR\u00c9E de gala - Speed meeting entre exposants\" \/>\n<meta property=\"og:url\" content=\"https:\/\/businesshydro.fr\/programme-2025\/\" \/>\n<meta property=\"og:site_name\" content=\"Business Hydro\" \/>\n<meta property=\"article:modified_time\" content=\"2026-02-03T13:24:01+00:00\" \/>\n<meta property=\"og:image\" content=\"https:\/\/businesshydro.fr\/wp-content\/uploads\/2025\/01\/Page-Programme-Salon-Business-Hydro-e1736259553143.webp\" \/>\n\t<meta property=\"og:image:width\" content=\"1960\" \/>\n\t<meta property=\"og:image:height\" content=\"1078\" \/>\n\t<meta property=\"og:image:type\" content=\"image\/webp\" \/>\n<meta name=\"twitter:card\" content=\"summary_large_image\" \/>\n<meta name=\"twitter:label1\" content=\"Est. reading time\" \/>\n\t<meta name=\"twitter:data1\" content=\"1 minute\" \/>\n<script type=\"application\/ld+json\" class=\"yoast-schema-graph\">{\"@context\":\"https:\\\/\\\/schema.org\",\"@graph\":[{\"@type\":\"WebPage\",\"@id\":\"https:\\\/\\\/businesshydro.fr\\\/programme-2025\\\/\",\"url\":\"https:\\\/\\\/businesshydro.fr\\\/programme-2025\\\/\",\"name\":\"Program - Business Hydro\",\"isPartOf\":{\"@id\":\"https:\\\/\\\/businesshydro.fr\\\/#website\"},\"primaryImageOfPage\":{\"@id\":\"https:\\\/\\\/businesshydro.fr\\\/programme-2025\\\/#primaryimage\"},\"image\":{\"@id\":\"https:\\\/\\\/businesshydro.fr\\\/programme-2025\\\/#primaryimage\"},\"thumbnailUrl\":\"https:\\\/\\\/businesshydro.fr\\\/wp-content\\\/uploads\\\/2025\\\/01\\\/Page-Programme-Salon-Business-Hydro-e1736259553143.webp\",\"datePublished\":\"2024-03-18T15:29:18+00:00\",\"dateModified\":\"2026-02-03T13:24:01+00:00\",\"description\":\"Programme : S\u00e9ance pl\u00e9ni\u00e8re & tables rondes - C\u00c9R\u00c9MONIE DES TROPH\u00c9ES DE L\u2019INNOVATION HYDRO - SOIR\u00c9E de gala - Speed meeting entre exposants\",\"breadcrumb\":{\"@id\":\"https:\\\/\\\/businesshydro.fr\\\/programme-2025\\\/#breadcrumb\"},\"inLanguage\":\"en-US\",\"potentialAction\":[{\"@type\":\"ReadAction\",\"target\":[\"https:\\\/\\\/businesshydro.fr\\\/programme-2025\\\/\"]}]},{\"@type\":\"ImageObject\",\"inLanguage\":\"en-US\",\"@id\":\"https:\\\/\\\/businesshydro.fr\\\/programme-2025\\\/#primaryimage\",\"url\":\"https:\\\/\\\/businesshydro.fr\\\/wp-content\\\/uploads\\\/2025\\\/01\\\/Page-Programme-Salon-Business-Hydro-e1736259553143.webp\",\"contentUrl\":\"https:\\\/\\\/businesshydro.fr\\\/wp-content\\\/uploads\\\/2025\\\/01\\\/Page-Programme-Salon-Business-Hydro-e1736259553143.webp\"},{\"@type\":\"BreadcrumbList\",\"@id\":\"https:\\\/\\\/businesshydro.fr\\\/programme-2025\\\/#breadcrumb\",\"itemListElement\":[{\"@type\":\"ListItem\",\"position\":1,\"name\":\"Accueil\",\"item\":\"https:\\\/\\\/businesshydro.fr\\\/en\\\/\"},{\"@type\":\"ListItem\",\"position\":2,\"name\":\"Program\"}]},{\"@type\":\"WebSite\",\"@id\":\"https:\\\/\\\/businesshydro.fr\\\/#website\",\"url\":\"https:\\\/\\\/businesshydro.fr\\\/\",\"name\":\"Business Hydro\",\"description\":\"11th Business Hydro trade fair\",\"publisher\":{\"@id\":\"https:\\\/\\\/businesshydro.fr\\\/#organization\"},\"potentialAction\":[{\"@type\":\"SearchAction\",\"target\":{\"@type\":\"EntryPoint\",\"urlTemplate\":\"https:\\\/\\\/businesshydro.fr\\\/?s={search_term_string}\"},\"query-input\":{\"@type\":\"PropertyValueSpecification\",\"valueRequired\":true,\"valueName\":\"search_term_string\"}}],\"inLanguage\":\"en-US\"},{\"@type\":\"Organization\",\"@id\":\"https:\\\/\\\/businesshydro.fr\\\/#organization\",\"name\":\"Business Hydro\",\"url\":\"https:\\\/\\\/businesshydro.fr\\\/\",\"logo\":{\"@type\":\"ImageObject\",\"inLanguage\":\"en-US\",\"@id\":\"https:\\\/\\\/businesshydro.fr\\\/#\\\/schema\\\/logo\\\/image\\\/\",\"url\":\"https:\\\/\\\/businesshydro.fr\\\/wp-content\\\/uploads\\\/2026\\\/02\\\/Logo-BH-2026-Anglais-RVB-scaled.png\",\"contentUrl\":\"https:\\\/\\\/businesshydro.fr\\\/wp-content\\\/uploads\\\/2026\\\/02\\\/Logo-BH-2026-Anglais-RVB-scaled.png\",\"width\":2560,\"height\":960,\"caption\":\"Business Hydro\"},\"image\":{\"@id\":\"https:\\\/\\\/businesshydro.fr\\\/#\\\/schema\\\/logo\\\/image\\\/\"}}]}<\/script>\n<!-- \/ Yoast SEO plugin. -->","yoast_head_json":{"title":"Program - Business Hydro","description":"Programme : S\u00e9ance pl\u00e9ni\u00e8re & tables rondes - C\u00c9R\u00c9MONIE DES TROPH\u00c9ES DE L\u2019INNOVATION HYDRO - SOIR\u00c9E de gala - Speed meeting entre exposants","robots":{"index":"index","follow":"follow","max-snippet":"max-snippet:-1","max-image-preview":"max-image-preview:large","max-video-preview":"max-video-preview:-1"},"canonical":"https:\/\/businesshydro.fr\/programme-2025\/","og_locale":"en_US","og_type":"article","og_title":"Program - Business Hydro","og_description":"Programme : S\u00e9ance pl\u00e9ni\u00e8re & tables rondes - C\u00c9R\u00c9MONIE DES TROPH\u00c9ES DE L\u2019INNOVATION HYDRO - SOIR\u00c9E de gala - Speed meeting entre exposants","og_url":"https:\/\/businesshydro.fr\/programme-2025\/","og_site_name":"Business Hydro","article_modified_time":"2026-02-03T13:24:01+00:00","og_image":[{"width":1960,"height":1078,"url":"https:\/\/businesshydro.fr\/wp-content\/uploads\/2025\/01\/Page-Programme-Salon-Business-Hydro-e1736259553143.webp","type":"image\/webp"}],"twitter_card":"summary_large_image","twitter_misc":{"Est. reading time":"1 minute"},"schema":{"@context":"https:\/\/schema.org","@graph":[{"@type":"WebPage","@id":"https:\/\/businesshydro.fr\/programme-2025\/","url":"https:\/\/businesshydro.fr\/programme-2025\/","name":"Program - Business Hydro","isPartOf":{"@id":"https:\/\/businesshydro.fr\/#website"},"primaryImageOfPage":{"@id":"https:\/\/businesshydro.fr\/programme-2025\/#primaryimage"},"image":{"@id":"https:\/\/businesshydro.fr\/programme-2025\/#primaryimage"},"thumbnailUrl":"https:\/\/businesshydro.fr\/wp-content\/uploads\/2025\/01\/Page-Programme-Salon-Business-Hydro-e1736259553143.webp","datePublished":"2024-03-18T15:29:18+00:00","dateModified":"2026-02-03T13:24:01+00:00","description":"Programme : S\u00e9ance pl\u00e9ni\u00e8re & tables rondes - C\u00c9R\u00c9MONIE DES TROPH\u00c9ES DE L\u2019INNOVATION HYDRO - SOIR\u00c9E de gala - Speed meeting entre exposants","breadcrumb":{"@id":"https:\/\/businesshydro.fr\/programme-2025\/#breadcrumb"},"inLanguage":"en-US","potentialAction":[{"@type":"ReadAction","target":["https:\/\/businesshydro.fr\/programme-2025\/"]}]},{"@type":"ImageObject","inLanguage":"en-US","@id":"https:\/\/businesshydro.fr\/programme-2025\/#primaryimage","url":"https:\/\/businesshydro.fr\/wp-content\/uploads\/2025\/01\/Page-Programme-Salon-Business-Hydro-e1736259553143.webp","contentUrl":"https:\/\/businesshydro.fr\/wp-content\/uploads\/2025\/01\/Page-Programme-Salon-Business-Hydro-e1736259553143.webp"},{"@type":"BreadcrumbList","@id":"https:\/\/businesshydro.fr\/programme-2025\/#breadcrumb","itemListElement":[{"@type":"ListItem","position":1,"name":"Accueil","item":"https:\/\/businesshydro.fr\/en\/"},{"@type":"ListItem","position":2,"name":"Program"}]},{"@type":"WebSite","@id":"https:\/\/businesshydro.fr\/#website","url":"https:\/\/businesshydro.fr\/","name":"Business Hydro","description":"11th Business Hydro trade fair","publisher":{"@id":"https:\/\/businesshydro.fr\/#organization"},"potentialAction":[{"@type":"SearchAction","target":{"@type":"EntryPoint","urlTemplate":"https:\/\/businesshydro.fr\/?s={search_term_string}"},"query-input":{"@type":"PropertyValueSpecification","valueRequired":true,"valueName":"search_term_string"}}],"inLanguage":"en-US"},{"@type":"Organization","@id":"https:\/\/businesshydro.fr\/#organization","name":"Business Hydro","url":"https:\/\/businesshydro.fr\/","logo":{"@type":"ImageObject","inLanguage":"en-US","@id":"https:\/\/businesshydro.fr\/#\/schema\/logo\/image\/","url":"https:\/\/businesshydro.fr\/wp-content\/uploads\/2026\/02\/Logo-BH-2026-Anglais-RVB-scaled.png","contentUrl":"https:\/\/businesshydro.fr\/wp-content\/uploads\/2026\/02\/Logo-BH-2026-Anglais-RVB-scaled.png","width":2560,"height":960,"caption":"Business Hydro"},"image":{"@id":"https:\/\/businesshydro.fr\/#\/schema\/logo\/image\/"}}]}},"_links":{"self":[{"href":"https:\/\/businesshydro.fr\/en\/wp-json\/wp\/v2\/pages\/6425","targetHints":{"allow":["GET"]}}],"collection":[{"href":"https:\/\/businesshydro.fr\/en\/wp-json\/wp\/v2\/pages"}],"about":[{"href":"https:\/\/businesshydro.fr\/en\/wp-json\/wp\/v2\/types\/page"}],"author":[{"embeddable":true,"href":"https:\/\/businesshydro.fr\/en\/wp-json\/wp\/v2\/users\/1"}],"replies":[{"embeddable":true,"href":"https:\/\/businesshydro.fr\/en\/wp-json\/wp\/v2\/comments?post=6425"}],"version-history":[{"count":15,"href":"https:\/\/businesshydro.fr\/en\/wp-json\/wp\/v2\/pages\/6425\/revisions"}],"predecessor-version":[{"id":10093,"href":"https:\/\/businesshydro.fr\/en\/wp-json\/wp\/v2\/pages\/6425\/revisions\/10093"}],"wp:attachment":[{"href":"https:\/\/businesshydro.fr\/en\/wp-json\/wp\/v2\/media?parent=6425"}],"curies":[{"name":"wp","href":"https:\/\/api.w.org\/{rel}","templated":true}]}}